{"id":149,"date":"2021-02-11T01:45:31","date_gmt":"2021-02-11T01:45:31","guid":{"rendered":"http:\/\/sw-themes.com\/porto_dummy\/?page_id=149"},"modified":"2025-12-04T13:40:49","modified_gmt":"2025-12-04T13:40:49","slug":"contatos","status":"publish","type":"page","link":"https:\/\/valueconsultoria.com.br\/site\/contatos\/","title":{"rendered":"Contatos"},"content":{"rendered":"\t\t<div data-elementor-type=\"wp-page\" data-elementor-id=\"149\" class=\"elementor elementor-149\" data-elementor-post-type=\"page\">\n\t\t\t\t\t\t<section class=\"elementor-section elementor-top-section elementor-element elementor-element-82760ac elementor-section-content-middle custom-box-1 mt-5 elementor-section-boxed elementor-section-height-default elementor-section-height-default\" data-id=\"82760ac\" data-element_type=\"section\" data-e-type=\"section\" data-settings=\"{&quot;background_background&quot;:&quot;classic&quot;}\">\r\n\t\t\r\n\t\t\t\t\t\t\t<div class=\"elementor-container elementor-column-gap-no\">\r\n\t\t\t\t\t\t\t\t\t\t\t<div class=\"elementor-column elementor-col-50 elementor-top-column elementor-element elementor-element-2dbc23d\" data-id=\"2dbc23d\" data-element_type=\"column\" data-e-type=\"column\" data-settings=\"{&quot;background_background&quot;:&quot;classic&quot;}\">\r\n\t\t\t\t\t<div class=\"elementor-widget-wrap elementor-element-populated\">\r\n\t\t\t\t\t\t\t\t<div class=\"elementor-element elementor-element-89294a4 pb-5 mb-4 mt-5 mt-lg-0  pe-lg-4 custom-location custom-md-column elementor-hidden-mobile elementor-widget elementor-widget-porto_info_box\" data-id=\"89294a4\" data-element_type=\"widget\" data-e-type=\"widget\" data-widget_type=\"porto_info_box.default\">\n\t\t\t\t\t<div class=\"porto-sicon-box style_1 default-icon\"><div class=\"porto-sicon-default\"><div class=\"porto-just-icon-wrapper porto-icon none\" style=\"\"><i class=\"porto-icon-map-location\"><\/i><\/div><\/div><div class=\"porto-sicon-header\"><h3 class=\"porto-sicon-title\" style=\"\">Localiza\u00e7\u00e3o<\/h3><p >Av. Tef\u00e9, 4190 - Japiim, Manaus - AM, 69078-000 3\u00bapiso - Manaus - Amazonas<\/p><\/div> <!-- header --><\/div><!-- porto-sicon-box -->\t\t\t\t<\/div>\n\t\t\t\t<div class=\"elementor-element elementor-element-e113e3a pb-5 mb-4 mt-5 mt-lg-0  pe-lg-4 custom-location custom-md-column elementor-hidden-desktop elementor-hidden-tablet elementor-widget elementor-widget-porto_info_box\" data-id=\"e113e3a\" data-element_type=\"widget\" data-e-type=\"widget\" data-widget_type=\"porto_info_box.default\">\n\t\t\t\t\t<div class=\"porto-sicon-box style_1 default-icon\"><div class=\"porto-sicon-header\"><h3 class=\"porto-sicon-title\" style=\"\">Localiza\u00e7\u00e3o<\/h3><p >Av. Tef\u00e9, 4190 - Japiim, Manaus - AM, 69078-000 3\u00bapiso - Manaus - Amazonas<\/p><\/div> <!-- header --><\/div><!-- porto-sicon-box -->\t\t\t\t<\/div>\n\t\t<div class=\"elementor-element elementor-element-a787fa3 e-flex e-con-boxed e-con e-parent\" data-id=\"a787fa3\" data-element_type=\"container\" data-e-type=\"container\">\r\n\t\t\t\t\t<div class=\"e-con-inner\">\r\n\t\t\t\t<div class=\"elementor-element elementor-element-893cba2 elementor-widget elementor-widget-heading\" data-id=\"893cba2\" data-element_type=\"widget\" data-e-type=\"widget\" data-widget_type=\"heading.default\">\n\t\t\t\t\t<h2 class=\"elementor-heading-title elementor-size-default\">Contato<\/h2>\t\t\t\t<\/div>\n\t\t\t\t<div class=\"elementor-element elementor-element-d812b60 custom-location text-color-hover-primary elementor-widget elementor-widget-porto_info_box\" data-id=\"d812b60\" data-element_type=\"widget\" data-e-type=\"widget\" data-widget_type=\"porto_info_box.default\">\n\t\t\t\t\t<a class=\"porto-sicon-box-link\" href=\"tel:(92)%2098413-9393\"><div class=\"porto-sicon-box style_1 default-icon\"><div class=\"porto-sicon-default\"><div class=\"porto-just-icon-wrapper porto-icon none\" style=\"margin-right:8px;\"><i class=\"porto-icon-phone-call\"><\/i><\/div><\/div><div class=\"porto-sicon-header\"><h3 class=\"porto-sicon-title\" style=\"\">(92) 98413-9393<\/h3><\/div> <!-- header --><\/div><!-- porto-sicon-box --><\/a>\t\t\t\t<\/div>\n\t\t\t\t<div class=\"elementor-element elementor-element-cbafc13 custom-location text-color-hover-primary elementor-widget elementor-widget-porto_info_box\" data-id=\"cbafc13\" data-element_type=\"widget\" data-e-type=\"widget\" data-widget_type=\"porto_info_box.default\">\n\t\t\t\t\t<a class=\"porto-sicon-box-link\" href=\"tel:(92)%2098445-0474\"><div class=\"porto-sicon-box style_1 default-icon\"><div class=\"porto-sicon-default\"><div class=\"porto-just-icon-wrapper porto-icon none\" style=\"margin-right:8px;\"><i class=\"porto-icon-phone-call\"><\/i><\/div><\/div><div class=\"porto-sicon-header\"><h3 class=\"porto-sicon-title\" style=\"\">(92) 98445-0474<\/h3><\/div> <!-- header --><\/div><!-- porto-sicon-box --><\/a>\t\t\t\t<\/div>\n\t\t\t\t\t<\/div>\n\t\t\t\t<\/div>\n\t\t<div class=\"elementor-element elementor-element-3cfc620 e-flex e-con-boxed e-con e-parent\" data-id=\"3cfc620\" data-element_type=\"container\" data-e-type=\"container\">\r\n\t\t\t\t\t<div class=\"e-con-inner\">\r\n\t\t\t\t<div class=\"elementor-element elementor-element-31e645f elementor-widget elementor-widget-heading\" data-id=\"31e645f\" data-element_type=\"widget\" data-e-type=\"widget\" data-widget_type=\"heading.default\">\n\t\t\t\t\t<h2 class=\"elementor-heading-title elementor-size-default\">E-Maill<\/h2>\t\t\t\t<\/div>\n\t\t\t\t<div class=\"elementor-element elementor-element-9c82672 custom-location text-color-hover-primary elementor-widget elementor-widget-porto_info_box\" data-id=\"9c82672\" data-element_type=\"widget\" data-e-type=\"widget\" data-widget_type=\"porto_info_box.default\">\n\t\t\t\t\t<a class=\"porto-sicon-box-link\" href=\"\"><div class=\"porto-sicon-box style_1 default-icon\"><div class=\"porto-sicon-default\"><div class=\"porto-just-icon-wrapper porto-icon none\" style=\"margin-right:8px;\"><i class=\"porto-icon-atmark\"><\/i><\/div><\/div><div class=\"porto-sicon-header\"><h3 class=\"porto-sicon-title\" style=\"\">comercial@valueconsultoria.com.br<\/h3><\/div> <!-- header --><\/div><!-- porto-sicon-box --><\/a>\t\t\t\t<\/div>\n\t\t\t\t<div class=\"elementor-element elementor-element-a99855d custom-location text-color-hover-primary elementor-widget elementor-widget-porto_info_box\" data-id=\"a99855d\" data-element_type=\"widget\" data-e-type=\"widget\" data-widget_type=\"porto_info_box.default\">\n\t\t\t\t\t<a class=\"porto-sicon-box-link\" href=\"\"><div class=\"porto-sicon-box style_1 default-icon\"><div class=\"porto-sicon-default\"><div class=\"porto-just-icon-wrapper porto-icon none\" style=\"margin-right:8px;\"><i class=\"porto-icon-atmark\"><\/i><\/div><\/div><div class=\"porto-sicon-header\"><h3 class=\"porto-sicon-title\" style=\"\">vagas@valueconsultoria.com.br<\/h3><\/div> <!-- header --><\/div><!-- porto-sicon-box --><\/a>\t\t\t\t<\/div>\n\t\t\t\t\t<\/div>\n\t\t\t\t<\/div>\n\t\t\t\t\t<\/div>\r\n\t\t\t\t<\/div>\r\n\t\t\t\t<div class=\"elementor-column elementor-col-50 elementor-top-column elementor-element elementor-element-7f69d3a\" data-id=\"7f69d3a\" data-element_type=\"column\" data-e-type=\"column\" data-settings=\"{&quot;background_background&quot;:&quot;classic&quot;}\">\r\n\t\t\t\t\t<div class=\"elementor-widget-wrap elementor-element-populated\">\r\n\t\t\t\t\t\t\t\t<div class=\"elementor-element elementor-element-a5f3f16 elementor-widget elementor-widget-porto_contact_form\" data-id=\"a5f3f16\" data-element_type=\"widget\" data-e-type=\"widget\" data-widget_type=\"porto_contact_form.default\">\n\t\t\t\t\t\n<div class=\"wpcf7 no-js\" id=\"wpcf7-f324-o1\" lang=\"en-US\" dir=\"ltr\" data-wpcf7-id=\"324\">\n<div class=\"screen-reader-response\"><p role=\"status\" aria-live=\"polite\" aria-atomic=\"true\"><\/p> <ul><\/ul><\/div>\n<form action=\"\/site\/wp-json\/wp\/v2\/pages\/149#wpcf7-f324-o1\" method=\"post\" class=\"wpcf7-form init\" aria-label=\"Contact form\" novalidate=\"novalidate\" data-status=\"init\">\n<fieldset class=\"hidden-fields-container\"><input type=\"hidden\" name=\"_wpcf7\" value=\"324\" \/><input type=\"hidden\" name=\"_wpcf7_version\" value=\"6.1.5\" \/><input type=\"hidden\" name=\"_wpcf7_locale\" value=\"en_US\" \/><input type=\"hidden\" name=\"_wpcf7_unit_tag\" value=\"wpcf7-f324-o1\" \/><input type=\"hidden\" name=\"_wpcf7_container_post\" value=\"0\" \/><input type=\"hidden\" name=\"_wpcf7_posted_data_hash\" value=\"\" \/>\n<\/fieldset>\n<div class=\"mb-3\">\n    <span class=\"wpcf7-form-control-wrap\" data-name=\"text-771\"><input size=\"40\" maxlength=\"400\" class=\"wpcf7-form-control wpcf7-text wpcf7-validates-as-required form-control\" aria-required=\"true\" aria-invalid=\"false\" placeholder=\"* Nome completo\" value=\"\" type=\"text\" name=\"text-771\" \/><\/span>\n<\/div>\n<div class=\"mb-3\">\n    <span class=\"wpcf7-form-control-wrap\" data-name=\"text-771\"><input size=\"40\" maxlength=\"400\" class=\"wpcf7-form-control wpcf7-text wpcf7-validates-as-required form-control\" aria-required=\"true\" aria-invalid=\"false\" placeholder=\"* Telefone\" value=\"\" type=\"text\" name=\"text-771\" \/><\/span>\n<\/div>\n<div class=\"mb-3\">\n    <span class=\"wpcf7-form-control-wrap\" data-name=\"email-406\"><input size=\"40\" maxlength=\"400\" class=\"wpcf7-form-control wpcf7-email wpcf7-validates-as-required wpcf7-text wpcf7-validates-as-email form-control\" aria-required=\"true\" aria-invalid=\"false\" placeholder=\"* Endere\u00e7o de email\" value=\"\" type=\"email\" name=\"email-406\" \/><\/span>\n<\/div>\n<div class=\"m-b-xl\">\n    <span class=\"wpcf7-form-control-wrap\" data-name=\"textarea-824\"><textarea cols=\"40\" rows=\"10\" maxlength=\"2000\" class=\"wpcf7-form-control wpcf7-textarea wpcf7-validates-as-required form-control\" aria-required=\"true\" aria-invalid=\"false\" placeholder=\"* Mensagem\" name=\"textarea-824\"><\/textarea><\/span>\n<\/div>\n<div class=\"custom-btn-style-1 custom-btn-primary d-inline-block\">\n    <input class=\"wpcf7-form-control wpcf7-submit has-spinner font-weight-semibold btn-primary\" type=\"submit\" value=\"Enviar mensagem\" \/>\n<\/div><div class=\"wpcf7-response-output\" aria-hidden=\"true\"><\/div>\n<\/form>\n<\/div>\n\t\t\t\t<\/div>\n\t\t\t\t<div class=\"elementor-element elementor-element-62c9bc7 elementor-invisible elementor-widget elementor-widget-porto_ultimate_heading\" data-id=\"62c9bc7\" data-element_type=\"widget\" data-e-type=\"widget\" data-settings=\"{&quot;_animation&quot;:&quot;fadeInUp&quot;,&quot;_animation_delay&quot;:250}\" data-widget_type=\"porto_ultimate_heading.default\">\n\t\t\t\t\t<div class=\"porto-u-heading  porto-u-ad87e2eaf3f9c495180fe0156ddf3eb0 \"><div class=\"porto-u-main-heading\"><h3    style=\"margin-bottom: 24px;\">Em caso de d\u00favidas, cr\u00edticas ou sugest\u00f5es, entre en contato conosco.<\/h3><\/div><style>.porto-u-ad87e2eaf3f9c495180fe0156ddf3eb0.porto-u-heading{text-align:left}<\/style><\/div>\t\t\t\t<\/div>\n\t\t\t\t\t<\/div>\r\n\t\t\t\t<\/div>\r\n\t\t\t\t\t<\/div>\r\n\t\t\t\t<\/section>\r\n\t\t\t\t<section class=\"elementor-section elementor-top-section elementor-element elementor-element-e221078 elementor-section-boxed elementor-section-height-default elementor-section-height-default\" data-id=\"e221078\" data-element_type=\"section\" data-e-type=\"section\">\r\n\t\t\r\n\t\t\t\t\t\t\t<div class=\"elementor-container elementor-column-gap-no\">\r\n\t\t\t\t\t\t\t\t\t\t\t<div class=\"elementor-column elementor-col-100 elementor-top-column elementor-element elementor-element-857330b\" data-id=\"857330b\" data-element_type=\"column\" data-e-type=\"column\">\r\n\t\t\t\t\t<div class=\"elementor-widget-wrap elementor-element-populated\">\r\n\t\t\t\t\t\t\t\t<div class=\"elementor-element elementor-element-1a4bbdb elementor-widget elementor-widget-google_maps\" data-id=\"1a4bbdb\" data-element_type=\"widget\" data-e-type=\"widget\" data-widget_type=\"google_maps.default\">\n\t\t\t\t\t\t\t<div class=\"elementor-custom-embed\">\n\t\t\t<iframe loading=\"lazy\"\n\t\t\t\t\tsrc=\"https:\/\/maps.google.com\/maps?q=Av.%20Tef%C3%A9%2C%204190%20-%20Japiim%2C%20Manaus%20-%20AM%2C%2069078-000&#038;t=m&#038;z=10&#038;output=embed&#038;iwloc=near\"\n\t\t\t\t\ttitle=\"Av. Tef\u00e9, 4190 - Japiim, Manaus - AM, 69078-000\"\n\t\t\t\t\taria-label=\"Av. Tef\u00e9, 4190 - Japiim, Manaus - AM, 69078-000\"\n\t\t\t><\/iframe>\n\t\t<\/div>\n\t\t\t\t\t\t<\/div>\n\t\t\t\t\t<\/div>\r\n\t\t\t\t<\/div>\r\n\t\t\t\t\t<\/div>\r\n\t\t\t\t<\/section>\r\n\t\t\t\t<\/div>\n\t\t","protected":false},"excerpt":{"rendered":"<p>Localiza\u00e7\u00e3o Av. Tef\u00e9, 4190 &#8211; Japiim, Manaus &#8211; AM, 69078-000 3\u00bapiso &#8211; Manaus &#8211; Amazonas Localiza\u00e7\u00e3o Av. Tef\u00e9, 4190 &#8211; Japiim, Manaus &#8211; AM, 69078-000 3\u00bapiso &#8211; Manaus &#8211; Amazonas Contato (92) 98413-9393 (92) 98445-0474 E-Maill comercial@valueconsultoria.com.br vagas@valueconsultoria.com.br Em caso de d\u00favidas, cr\u00edticas ou sugest\u00f5es, entre en contato conosco.<\/p>\n","protected":false},"author":1,"featured_media":0,"parent":0,"menu_order":0,"comment_status":"closed","ping_status":"closed","template":"","meta":{"_acf_changed":false,"footnotes":""},"class_list":["post-149","page","type-page","status-publish","hentry"],"acf":[],"_links":{"self":[{"href":"https:\/\/valueconsultoria.com.br\/site\/wp-json\/wp\/v2\/pages\/149","targetHints":{"allow":["GET"]}}],"collection":[{"href":"https:\/\/valueconsultoria.com.br\/site\/wp-json\/wp\/v2\/pages"}],"about":[{"href":"https:\/\/valueconsultoria.com.br\/site\/wp-json\/wp\/v2\/types\/page"}],"author":[{"embeddable":true,"href":"https:\/\/valueconsultoria.com.br\/site\/wp-json\/wp\/v2\/users\/1"}],"replies":[{"embeddable":true,"href":"https:\/\/valueconsultoria.com.br\/site\/wp-json\/wp\/v2\/comments?post=149"}],"version-history":[{"count":37,"href":"https:\/\/valueconsultoria.com.br\/site\/wp-json\/wp\/v2\/pages\/149\/revisions"}],"predecessor-version":[{"id":5678,"href":"https:\/\/valueconsultoria.com.br\/site\/wp-json\/wp\/v2\/pages\/149\/revisions\/5678"}],"wp:attachment":[{"href":"https:\/\/valueconsultoria.com.br\/site\/wp-json\/wp\/v2\/media?parent=149"}],"curies":[{"name":"wp","href":"https:\/\/api.w.org\/{rel}","templated":true}]}}