{"id":5243,"date":"2025-05-21T23:54:11","date_gmt":"2025-05-21T23:54:11","guid":{"rendered":"https:\/\/valueconsultoria.com.br\/?page_id=5243"},"modified":"2025-06-30T16:53:47","modified_gmt":"2025-06-30T16:53:47","slug":"construcaocivil","status":"publish","type":"page","link":"https:\/\/valueconsultoria.com.br\/site\/construcaocivil\/","title":{"rendered":"Constru\u00e7\u00e3o Civil"},"content":{"rendered":"\t\t<div data-elementor-type=\"wp-page\" data-elementor-id=\"5243\" class=\"elementor elementor-5243\" data-elementor-post-type=\"page\">\n\t\t\t\t\t\t<div class=\"elementor-section elementor-top-section elementor-element elementor-element-277ab11 elementor-section-boxed elementor-section-height-default elementor-section-height-default\" data-id=\"277ab11\" data-element_type=\"section\" data-e-type=\"section\">\r\n\t\t\r\n\t\t\t\t\t\t\t<div class=\"elementor-container elementor-column-gap-custom\">\r\n\t\t\t\t\t\t\t\t\t\t\t<div class=\"elementor-column elementor-col-50 elementor-top-column elementor-element elementor-element-3612e7e custom-height-1 custom-width-1\" data-id=\"3612e7e\" data-element_type=\"column\" data-e-type=\"column\">\r\n\t\t\t\t\t<div class=\"elementor-widget-wrap elementor-element-populated\">\r\n\t\t\t\t\t\t\t\t<div class=\"elementor-element elementor-element-0fdda63 custom-box-shadow-1 mb-0 e-transform elementor-widget elementor-widget-image\" data-id=\"0fdda63\" data-element_type=\"widget\" data-e-type=\"widget\" data-settings=\"{&quot;_transform_skewX_effect&quot;:{&quot;unit&quot;:&quot;px&quot;,&quot;size&quot;:&quot;&quot;,&quot;sizes&quot;:[]},&quot;_transform_skewX_effect_tablet&quot;:{&quot;unit&quot;:&quot;deg&quot;,&quot;size&quot;:&quot;&quot;,&quot;sizes&quot;:[]},&quot;_transform_skewX_effect_mobile&quot;:{&quot;unit&quot;:&quot;deg&quot;,&quot;size&quot;:&quot;&quot;,&quot;sizes&quot;:[]},&quot;_transform_skewY_effect&quot;:{&quot;unit&quot;:&quot;px&quot;,&quot;size&quot;:&quot;&quot;,&quot;sizes&quot;:[]},&quot;_transform_skewY_effect_tablet&quot;:{&quot;unit&quot;:&quot;deg&quot;,&quot;size&quot;:&quot;&quot;,&quot;sizes&quot;:[]},&quot;_transform_skewY_effect_mobile&quot;:{&quot;unit&quot;:&quot;deg&quot;,&quot;size&quot;:&quot;&quot;,&quot;sizes&quot;:[]}}\" data-widget_type=\"image.default\">\n\t\t\t\t\t\t\t\t\t\t\t\t\t\t\t<img fetchpriority=\"high\" decoding=\"async\" width=\"1080\" height=\"1350\" src=\"https:\/\/valueconsultoria.com.br\/site\/wp-content\/uploads\/2025\/05\/5.png\" class=\"attachment-full size-full wp-image-5169\" alt=\"\" srcset=\"https:\/\/valueconsultoria.com.br\/site\/wp-content\/uploads\/2025\/05\/5.png 1080w, https:\/\/valueconsultoria.com.br\/site\/wp-content\/uploads\/2025\/05\/5-819x1024.png 819w, https:\/\/valueconsultoria.com.br\/site\/wp-content\/uploads\/2025\/05\/5-768x960.png 768w, https:\/\/valueconsultoria.com.br\/site\/wp-content\/uploads\/2025\/05\/5-640x800.png 640w, https:\/\/valueconsultoria.com.br\/site\/wp-content\/uploads\/2025\/05\/5-400x500.png 400w, https:\/\/valueconsultoria.com.br\/site\/wp-content\/uploads\/2025\/05\/5-367x459.png 367w\" sizes=\"(max-width: 1080px) 100vw, 1080px\" \/>\t\t\t\t\t\t\t\t\t\t\t\t\t\t\t<\/div>\n\t\t\t\t\t<\/div>\r\n\t\t\t\t<\/div>\r\n\t\t\t\t<div class=\"elementor-column elementor-col-50 elementor-top-column elementor-element elementor-element-9361a75 custom-height-1 custom-width-1\" data-id=\"9361a75\" data-element_type=\"column\" data-e-type=\"column\">\r\n\t\t\t\t\t<div class=\"elementor-widget-wrap elementor-element-populated\">\r\n\t\t\t\t\t\t\t\t<div class=\"elementor-element elementor-element-9c830c7 elementor-invisible elementor-widget elementor-widget-heading\" data-id=\"9c830c7\" data-element_type=\"widget\" data-e-type=\"widget\" data-settings=\"{&quot;_animation&quot;:&quot;fadeInUp&quot;,&quot;_animation_delay&quot;:250}\" data-widget_type=\"heading.default\">\n\t\t\t\t\t<h2 class=\"elementor-heading-title elementor-size-default\">GRUPO VALUE CONSULTORIA EM RH<\/h2>\t\t\t\t<\/div>\n\t\t\t\t<div class=\"elementor-element elementor-element-97516d6 elementor-invisible elementor-widget elementor-widget-heading\" data-id=\"97516d6\" data-element_type=\"widget\" data-e-type=\"widget\" data-settings=\"{&quot;_animation&quot;:&quot;fadeInUp&quot;,&quot;_animation_delay&quot;:250}\" data-widget_type=\"heading.default\">\n\t\t\t\t\t<h2 class=\"elementor-heading-title elementor-size-default\">For\u00e7a, efici\u00eancia e seguran\u00e7a para sua obra.<\/h2>\t\t\t\t<\/div>\n\t\t\t\t<div class=\"elementor-element elementor-element-38a12b4 elementor-widget elementor-widget-text-editor\" data-id=\"38a12b4\" data-element_type=\"widget\" data-e-type=\"widget\" data-widget_type=\"text-editor.default\">\n\t\t\t\t\t\t\t\t\t<p data-start=\"1947\" data-end=\"2177\">Na constru\u00e7\u00e3o civil, <strong data-start=\"1968\" data-end=\"2033\">tempo \u00e9 dinheiro e equipe certa \u00e9 sin\u00f4nimo de obra bem feita.<\/strong> Aqui na <strong data-start=\"2042\" data-end=\"2069\">Value Consultoria em RH<\/strong>, assumimos toda a gest\u00e3o de fun\u00e7\u00f5es operacionais como Conserva\u00e7\u00e3o e Limpeza, Portaria, Manuten\u00e7\u00e3o, Carga e Descarga, Retrabalho, Prepara\u00e7\u00e3o de Material para o processo produtivo, Manuten\u00e7\u00e3o e muito mais&#8230;<\/p><p>Todos os nossos profissionais iniciam suas atividades nos clientes j\u00e1 capacitados pelo nosso corpo docente, por meio de treinamentos fundamentais que refor\u00e7am a excel\u00eancia no desempenho e na conduta profissional.<\/p><p><span style=\"font-size: 18px;\"><strong>Eles passam previamente pelos seguintes m\u00f3dulos:<\/strong><\/span><\/p><p><strong>\u2714\ufe0f Lean Manufacturing<\/strong><br \/><strong>\u2714\ufe0f TBO \u2013 Treinamento B\u00e1sico Operacional<\/strong><br \/><strong>\u2714\ufe0f Ass\u00e9dio Moral e Sexual no Ambiente de Trabalho<\/strong><br \/><strong>\u2714\ufe0f Postura Pessoal e Profissional<\/strong><\/p><p>Esse cuidado garante uma atua\u00e7\u00e3o alinhada com os valores da sua empresa, promovendo produtividade, respeito e profissionalismo desde o primeiro dia.<\/p><p data-start=\"2179\" data-end=\"2528\">Cuidamos de todo o processo: recrutamento, sele\u00e7\u00e3o, contrata\u00e7\u00e3o, folha de pagamento, encargos e acompanhamento dos profissionais, sempre dentro das normas e com foco total na seguran\u00e7a e na produtividade. Atendemos desde a funda\u00e7\u00e3o at\u00e9 o acabamento, com profissionais como pedreiros, carpinteiros, eletricistas, encanadores, pintores e muito mais.<\/p><p data-start=\"2530\" data-end=\"2730\"><strong data-start=\"2533\" data-end=\"2649\">Sua obra anda, seus prazos s\u00e3o cumpridos e voc\u00ea ganha tranquilidade para focar na execu\u00e7\u00e3o e no resultado final.<\/strong> Com a <strong data-start=\"2656\" data-end=\"2665\">Value<\/strong>, sua constru\u00e7\u00e3o \u00e9 mais eficiente, mais segura e mais rent\u00e1vel.<\/p>\t\t\t\t\t\t\t\t<\/div>\n\t\t\t\t\t<\/div>\r\n\t\t\t\t<\/div>\r\n\t\t\t\t\t<\/div>\r\n\t\t\t\t<\/div>\r\n\t\t\t\t<\/div>\n\t\t","protected":false},"excerpt":{"rendered":"<p>GRUPO VALUE CONSULTORIA EM RH For\u00e7a, efici\u00eancia e seguran\u00e7a para sua obra. Na constru\u00e7\u00e3o civil, tempo \u00e9 dinheiro e equipe certa \u00e9 sin\u00f4nimo de obra bem feita. Aqui na Value Consultoria em RH, assumimos toda a gest\u00e3o de fun\u00e7\u00f5es operacionais como Conserva\u00e7\u00e3o e Limpeza, Portaria, Manuten\u00e7\u00e3o, Carga e Descarga, Retrabalho, Prepara\u00e7\u00e3o de Material para o [&hellip;]<\/p>\n","protected":false},"author":1,"featured_media":5169,"parent":0,"menu_order":0,"comment_status":"closed","ping_status":"closed","template":"","meta":{"_acf_changed":false,"footnotes":""},"class_list":["post-5243","page","type-page","status-publish","has-post-thumbnail","hentry"],"acf":[],"_links":{"self":[{"href":"https:\/\/valueconsultoria.com.br\/site\/wp-json\/wp\/v2\/pages\/5243","targetHints":{"allow":["GET"]}}],"collection":[{"href":"https:\/\/valueconsultoria.com.br\/site\/wp-json\/wp\/v2\/pages"}],"about":[{"href":"https:\/\/valueconsultoria.com.br\/site\/wp-json\/wp\/v2\/types\/page"}],"author":[{"embeddable":true,"href":"https:\/\/valueconsultoria.com.br\/site\/wp-json\/wp\/v2\/users\/1"}],"replies":[{"embeddable":true,"href":"https:\/\/valueconsultoria.com.br\/site\/wp-json\/wp\/v2\/comments?post=5243"}],"version-history":[{"count":14,"href":"https:\/\/valueconsultoria.com.br\/site\/wp-json\/wp\/v2\/pages\/5243\/revisions"}],"predecessor-version":[{"id":5587,"href":"https:\/\/valueconsultoria.com.br\/site\/wp-json\/wp\/v2\/pages\/5243\/revisions\/5587"}],"wp:featuredmedia":[{"embeddable":true,"href":"https:\/\/valueconsultoria.com.br\/site\/wp-json\/wp\/v2\/media\/5169"}],"wp:attachment":[{"href":"https:\/\/valueconsultoria.com.br\/site\/wp-json\/wp\/v2\/media?parent=5243"}],"curies":[{"name":"wp","href":"https:\/\/api.w.org\/{rel}","templated":true}]}}