{"id":5251,"date":"2025-05-21T23:56:22","date_gmt":"2025-05-21T23:56:22","guid":{"rendered":"https:\/\/valueconsultoria.com.br\/?page_id=5251"},"modified":"2025-06-30T16:51:43","modified_gmt":"2025-06-30T16:51:43","slug":"maodeobraterceirizada","status":"publish","type":"page","link":"https:\/\/valueconsultoria.com.br\/site\/maodeobraterceirizada\/","title":{"rendered":"M\u00e3o de Obra Terceirizada"},"content":{"rendered":"\t\t<div data-elementor-type=\"wp-page\" data-elementor-id=\"5251\" class=\"elementor elementor-5251\" data-elementor-post-type=\"page\">\n\t\t\t\t\t\t<div class=\"elementor-section elementor-top-section elementor-element elementor-element-277ab11 elementor-section-boxed elementor-section-height-default elementor-section-height-default\" data-id=\"277ab11\" data-element_type=\"section\" data-e-type=\"section\">\r\n\t\t\r\n\t\t\t\t\t\t\t<div class=\"elementor-container elementor-column-gap-custom\">\r\n\t\t\t\t\t\t\t\t\t\t\t<div class=\"elementor-column elementor-col-50 elementor-top-column elementor-element elementor-element-3612e7e custom-height-1 custom-width-1\" data-id=\"3612e7e\" data-element_type=\"column\" data-e-type=\"column\">\r\n\t\t\t\t\t<div class=\"elementor-widget-wrap elementor-element-populated\">\r\n\t\t\t\t\t\t\t\t<div class=\"elementor-element elementor-element-0fdda63 custom-box-shadow-1 mb-0 e-transform elementor-widget elementor-widget-image\" data-id=\"0fdda63\" data-element_type=\"widget\" data-e-type=\"widget\" data-settings=\"{&quot;_transform_skewX_effect&quot;:{&quot;unit&quot;:&quot;px&quot;,&quot;size&quot;:&quot;&quot;,&quot;sizes&quot;:[]},&quot;_transform_skewX_effect_tablet&quot;:{&quot;unit&quot;:&quot;deg&quot;,&quot;size&quot;:&quot;&quot;,&quot;sizes&quot;:[]},&quot;_transform_skewX_effect_mobile&quot;:{&quot;unit&quot;:&quot;deg&quot;,&quot;size&quot;:&quot;&quot;,&quot;sizes&quot;:[]},&quot;_transform_skewY_effect&quot;:{&quot;unit&quot;:&quot;px&quot;,&quot;size&quot;:&quot;&quot;,&quot;sizes&quot;:[]},&quot;_transform_skewY_effect_tablet&quot;:{&quot;unit&quot;:&quot;deg&quot;,&quot;size&quot;:&quot;&quot;,&quot;sizes&quot;:[]},&quot;_transform_skewY_effect_mobile&quot;:{&quot;unit&quot;:&quot;deg&quot;,&quot;size&quot;:&quot;&quot;,&quot;sizes&quot;:[]}}\" data-widget_type=\"image.default\">\n\t\t\t\t\t\t\t\t\t\t\t\t\t\t\t<img fetchpriority=\"high\" decoding=\"async\" width=\"1080\" height=\"1350\" src=\"https:\/\/valueconsultoria.com.br\/site\/wp-content\/uploads\/2025\/05\/3.png\" class=\"attachment-full size-full wp-image-5167\" alt=\"\" srcset=\"https:\/\/valueconsultoria.com.br\/site\/wp-content\/uploads\/2025\/05\/3.png 1080w, https:\/\/valueconsultoria.com.br\/site\/wp-content\/uploads\/2025\/05\/3-819x1024.png 819w, https:\/\/valueconsultoria.com.br\/site\/wp-content\/uploads\/2025\/05\/3-768x960.png 768w, https:\/\/valueconsultoria.com.br\/site\/wp-content\/uploads\/2025\/05\/3-640x800.png 640w, https:\/\/valueconsultoria.com.br\/site\/wp-content\/uploads\/2025\/05\/3-400x500.png 400w, https:\/\/valueconsultoria.com.br\/site\/wp-content\/uploads\/2025\/05\/3-367x459.png 367w\" sizes=\"(max-width: 1080px) 100vw, 1080px\" \/>\t\t\t\t\t\t\t\t\t\t\t\t\t\t\t<\/div>\n\t\t\t\t\t<\/div>\r\n\t\t\t\t<\/div>\r\n\t\t\t\t<div class=\"elementor-column elementor-col-50 elementor-top-column elementor-element elementor-element-9361a75 custom-height-1 custom-width-1\" data-id=\"9361a75\" data-element_type=\"column\" data-e-type=\"column\">\r\n\t\t\t\t\t<div class=\"elementor-widget-wrap elementor-element-populated\">\r\n\t\t\t\t\t\t\t\t<div class=\"elementor-element elementor-element-9c830c7 elementor-invisible elementor-widget elementor-widget-heading\" data-id=\"9c830c7\" data-element_type=\"widget\" data-e-type=\"widget\" data-settings=\"{&quot;_animation&quot;:&quot;fadeInUp&quot;,&quot;_animation_delay&quot;:250}\" data-widget_type=\"heading.default\">\n\t\t\t\t\t<h2 class=\"elementor-heading-title elementor-size-default\">GRUPO VALUE CONSULTORIA EM RH<\/h2>\t\t\t\t<\/div>\n\t\t\t\t<div class=\"elementor-element elementor-element-97516d6 elementor-invisible elementor-widget elementor-widget-heading\" data-id=\"97516d6\" data-element_type=\"widget\" data-e-type=\"widget\" data-settings=\"{&quot;_animation&quot;:&quot;fadeInUp&quot;,&quot;_animation_delay&quot;:250}\" data-widget_type=\"heading.default\">\n\t\t\t\t\t<h2 class=\"elementor-heading-title elementor-size-default\">Mais efici\u00eancia, menos preocupa\u00e7\u00f5es.<\/h2>\t\t\t\t<\/div>\n\t\t\t\t<div class=\"elementor-element elementor-element-38a12b4 elementor-widget elementor-widget-text-editor\" data-id=\"38a12b4\" data-element_type=\"widget\" data-e-type=\"widget\" data-widget_type=\"text-editor.default\">\n\t\t\t\t\t\t\t\t\t<p data-start=\"1081\" data-end=\"1417\"><strong data-start=\"1084\" data-end=\"1180\">Quer reduzir custos, otimizar processos e ter mais tempo pra focar no que realmente importa?<\/strong> Nossa solu\u00e7\u00e3o de <strong data-start=\"1198\" data-end=\"1226\">M\u00e3o de Obra Terceirizada<\/strong> entrega exatamente isso. Assumimos toda a gest\u00e3o de fun\u00e7\u00f5es operacionais, como limpeza, portaria, recep\u00e7\u00e3o, manuten\u00e7\u00e3o e muito mais \u2014 sempre com profissionais qualificados e comprometidos.<\/p><p data-start=\"1081\" data-end=\"1417\">Assumimos toda a gest\u00e3o de fun\u00e7\u00f5es operacionais como Conserva\u00e7\u00e3o e Limpeza, Portaria, Manuten\u00e7\u00e3o, Carga e Descarga, Retrabalho, Prepara\u00e7\u00e3o de Material para o processo produtivo, Manuten\u00e7\u00e3o e muito mais&#8230;<\/p><p data-start=\"1419\" data-end=\"1761\">A gente cuida de tudo: sele\u00e7\u00e3o, contrata\u00e7\u00e3o, treinamento, folha de pagamento, encargos e supervis\u00e3o. Voc\u00ea s\u00f3 acompanha o resultado. Esque\u00e7a burocracia, riscos trabalhistas e preocupa\u00e7\u00f5es com gest\u00e3o de pessoal. Com a <strong data-start=\"1635\" data-end=\"1644\">Value<\/strong>, sua empresa fica mais leve, produtiva e segura, com equipes preparadas e alinhadas aos seus padr\u00f5es de qualidade.<\/p><p>\u00a0<\/p><p><span style=\"font-size: 18px;\"><strong>Eles passam previamente pelos seguintes m\u00f3dulos:<\/strong><\/span><\/p><p><strong>\u2714\ufe0f Lean Manufacturing<\/strong><br \/><strong>\u2714\ufe0f TBO \u2013 Treinamento B\u00e1sico Operacional<\/strong><br \/><strong>\u2714\ufe0f Ass\u00e9dio Moral e Sexual no Ambiente de Trabalho<\/strong><br \/><strong>\u2714\ufe0f Postura Pessoal e Profissional<\/strong><\/p><p>Esse cuidado garante uma atua\u00e7\u00e3o alinhada com os valores da sua empresa, promovendo produtividade, respeito e profissionalismo desde o primeiro dia.<\/p><p data-start=\"1763\" data-end=\"1862\"><strong data-start=\"1765\" data-end=\"1860\">Terceirize com intelig\u00eancia. Tenha mais controle, mais produtividade e menos dor de cabe\u00e7a.<\/strong><\/p>\t\t\t\t\t\t\t\t<\/div>\n\t\t\t\t\t<\/div>\r\n\t\t\t\t<\/div>\r\n\t\t\t\t\t<\/div>\r\n\t\t\t\t<\/div>\r\n\t\t\t\t<\/div>\n\t\t","protected":false},"excerpt":{"rendered":"<p>GRUPO VALUE CONSULTORIA EM RH Mais efici\u00eancia, menos preocupa\u00e7\u00f5es. Quer reduzir custos, otimizar processos e ter mais tempo pra focar no que realmente importa? Nossa solu\u00e7\u00e3o de M\u00e3o de Obra Terceirizada entrega exatamente isso. Assumimos toda a gest\u00e3o de fun\u00e7\u00f5es operacionais, como limpeza, portaria, recep\u00e7\u00e3o, manuten\u00e7\u00e3o e muito mais \u2014 sempre com profissionais qualificados e [&hellip;]<\/p>\n","protected":false},"author":1,"featured_media":5167,"parent":0,"menu_order":0,"comment_status":"closed","ping_status":"closed","template":"","meta":{"_acf_changed":false,"footnotes":""},"class_list":["post-5251","page","type-page","status-publish","has-post-thumbnail","hentry"],"acf":[],"_links":{"self":[{"href":"https:\/\/valueconsultoria.com.br\/site\/wp-json\/wp\/v2\/pages\/5251","targetHints":{"allow":["GET"]}}],"collection":[{"href":"https:\/\/valueconsultoria.com.br\/site\/wp-json\/wp\/v2\/pages"}],"about":[{"href":"https:\/\/valueconsultoria.com.br\/site\/wp-json\/wp\/v2\/types\/page"}],"author":[{"embeddable":true,"href":"https:\/\/valueconsultoria.com.br\/site\/wp-json\/wp\/v2\/users\/1"}],"replies":[{"embeddable":true,"href":"https:\/\/valueconsultoria.com.br\/site\/wp-json\/wp\/v2\/comments?post=5251"}],"version-history":[{"count":14,"href":"https:\/\/valueconsultoria.com.br\/site\/wp-json\/wp\/v2\/pages\/5251\/revisions"}],"predecessor-version":[{"id":5581,"href":"https:\/\/valueconsultoria.com.br\/site\/wp-json\/wp\/v2\/pages\/5251\/revisions\/5581"}],"wp:featuredmedia":[{"embeddable":true,"href":"https:\/\/valueconsultoria.com.br\/site\/wp-json\/wp\/v2\/media\/5167"}],"wp:attachment":[{"href":"https:\/\/valueconsultoria.com.br\/site\/wp-json\/wp\/v2\/media?parent=5251"}],"curies":[{"name":"wp","href":"https:\/\/api.w.org\/{rel}","templated":true}]}}