{"id":5261,"date":"2025-05-22T00:00:38","date_gmt":"2025-05-22T00:00:38","guid":{"rendered":"https:\/\/valueconsultoria.com.br\/?page_id=5261"},"modified":"2025-05-22T18:50:05","modified_gmt":"2025-05-22T18:50:05","slug":"recrutamento","status":"publish","type":"page","link":"https:\/\/valueconsultoria.com.br\/site\/recrutamento\/","title":{"rendered":"Recrutamento &#038; Sele\u00e7\u00e3o"},"content":{"rendered":"\t\t<div data-elementor-type=\"wp-page\" data-elementor-id=\"5261\" class=\"elementor elementor-5261\" data-elementor-post-type=\"page\">\n\t\t\t\t\t\t<div class=\"elementor-section elementor-top-section elementor-element elementor-element-277ab11 elementor-section-boxed elementor-section-height-default elementor-section-height-default\" data-id=\"277ab11\" data-element_type=\"section\" data-e-type=\"section\">\r\n\t\t\r\n\t\t\t\t\t\t\t<div class=\"elementor-container elementor-column-gap-custom\">\r\n\t\t\t\t\t\t\t\t\t\t\t<div class=\"elementor-column elementor-col-50 elementor-top-column elementor-element elementor-element-3612e7e custom-height-1 custom-width-1\" data-id=\"3612e7e\" data-element_type=\"column\" data-e-type=\"column\">\r\n\t\t\t\t\t<div class=\"elementor-widget-wrap elementor-element-populated\">\r\n\t\t\t\t\t\t\t\t<div class=\"elementor-element elementor-element-0fdda63 custom-box-shadow-1 mb-0 e-transform elementor-widget elementor-widget-image\" data-id=\"0fdda63\" data-element_type=\"widget\" data-e-type=\"widget\" data-settings=\"{&quot;_transform_skewX_effect&quot;:{&quot;unit&quot;:&quot;px&quot;,&quot;size&quot;:&quot;&quot;,&quot;sizes&quot;:[]},&quot;_transform_skewX_effect_tablet&quot;:{&quot;unit&quot;:&quot;deg&quot;,&quot;size&quot;:&quot;&quot;,&quot;sizes&quot;:[]},&quot;_transform_skewX_effect_mobile&quot;:{&quot;unit&quot;:&quot;deg&quot;,&quot;size&quot;:&quot;&quot;,&quot;sizes&quot;:[]},&quot;_transform_skewY_effect&quot;:{&quot;unit&quot;:&quot;px&quot;,&quot;size&quot;:&quot;&quot;,&quot;sizes&quot;:[]},&quot;_transform_skewY_effect_tablet&quot;:{&quot;unit&quot;:&quot;deg&quot;,&quot;size&quot;:&quot;&quot;,&quot;sizes&quot;:[]},&quot;_transform_skewY_effect_mobile&quot;:{&quot;unit&quot;:&quot;deg&quot;,&quot;size&quot;:&quot;&quot;,&quot;sizes&quot;:[]}}\" data-widget_type=\"image.default\">\n\t\t\t\t\t\t\t\t\t\t\t\t\t\t\t<img fetchpriority=\"high\" decoding=\"async\" width=\"1080\" height=\"1350\" src=\"https:\/\/valueconsultoria.com.br\/site\/wp-content\/uploads\/2025\/05\/1-1.png\" class=\"attachment-full size-full wp-image-5165\" alt=\"\" srcset=\"https:\/\/valueconsultoria.com.br\/site\/wp-content\/uploads\/2025\/05\/1-1.png 1080w, https:\/\/valueconsultoria.com.br\/site\/wp-content\/uploads\/2025\/05\/1-1-819x1024.png 819w, https:\/\/valueconsultoria.com.br\/site\/wp-content\/uploads\/2025\/05\/1-1-768x960.png 768w, https:\/\/valueconsultoria.com.br\/site\/wp-content\/uploads\/2025\/05\/1-1-640x800.png 640w, https:\/\/valueconsultoria.com.br\/site\/wp-content\/uploads\/2025\/05\/1-1-400x500.png 400w, https:\/\/valueconsultoria.com.br\/site\/wp-content\/uploads\/2025\/05\/1-1-367x459.png 367w\" sizes=\"(max-width: 1080px) 100vw, 1080px\" \/>\t\t\t\t\t\t\t\t\t\t\t\t\t\t\t<\/div>\n\t\t\t\t\t<\/div>\r\n\t\t\t\t<\/div>\r\n\t\t\t\t<div class=\"elementor-column elementor-col-50 elementor-top-column elementor-element elementor-element-9361a75 custom-height-1 custom-width-1\" data-id=\"9361a75\" data-element_type=\"column\" data-e-type=\"column\">\r\n\t\t\t\t\t<div class=\"elementor-widget-wrap elementor-element-populated\">\r\n\t\t\t\t\t\t\t\t<div class=\"elementor-element elementor-element-9c830c7 elementor-invisible elementor-widget elementor-widget-heading\" data-id=\"9c830c7\" data-element_type=\"widget\" data-e-type=\"widget\" data-settings=\"{&quot;_animation&quot;:&quot;fadeInUp&quot;,&quot;_animation_delay&quot;:250}\" data-widget_type=\"heading.default\">\n\t\t\t\t\t<h2 class=\"elementor-heading-title elementor-size-default\">GRUPO VALUE CONSULTORIA EM RH<\/h2>\t\t\t\t<\/div>\n\t\t\t\t<div class=\"elementor-element elementor-element-97516d6 elementor-invisible elementor-widget elementor-widget-heading\" data-id=\"97516d6\" data-element_type=\"widget\" data-e-type=\"widget\" data-settings=\"{&quot;_animation&quot;:&quot;fadeInUp&quot;,&quot;_animation_delay&quot;:250}\" data-widget_type=\"heading.default\">\n\t\t\t\t\t<h2 class=\"elementor-heading-title elementor-size-default\">Pessoas certas, resultados reais.<\/h2>\t\t\t\t<\/div>\n\t\t\t\t<div class=\"elementor-element elementor-element-38a12b4 elementor-widget elementor-widget-text-editor\" data-id=\"38a12b4\" data-element_type=\"widget\" data-e-type=\"widget\" data-widget_type=\"text-editor.default\">\n\t\t\t\t\t\t\t\t\t<p data-start=\"247\" data-end=\"617\">Na <strong data-start=\"250\" data-end=\"277\">Value Consultoria em RH<\/strong>, acreditamos que <strong data-start=\"295\" data-end=\"373\">o sucesso de qualquer neg\u00f3cio come\u00e7a com as pessoas certas no lugar certo.<\/strong> Nosso servi\u00e7o de <strong data-start=\"391\" data-end=\"417\">Recrutamento &amp; Sele\u00e7\u00e3o<\/strong> \u00e9 pensado estrategicamente para conectar sua empresa aos melhores talentos do mercado, alinhando n\u00e3o s\u00f3 compet\u00eancias t\u00e9cnicas, mas tamb\u00e9m perfil comportamental e ader\u00eancia \u00e0 cultura da organiza\u00e7\u00e3o.<\/p><p data-start=\"619\" data-end=\"920\">Nosso processo vai muito al\u00e9m de encontrar um curr\u00edculo. Trabalhamos com <strong data-start=\"692\" data-end=\"731\">metodologias modernas e comprovadas<\/strong>, como <strong data-start=\"738\" data-end=\"850\">an\u00e1lise de perfil comportamental, entrevistas por compet\u00eancias, testes t\u00e9cnicos e assessments personalizados<\/strong>, garantindo que cada contrata\u00e7\u00e3o seja <strong data-start=\"889\" data-end=\"918\">assertiva, \u00e1gil e segura.<\/strong><\/p><p data-start=\"922\" data-end=\"1144\">Seja para posi\u00e7\u00f5es operacionais, administrativas, t\u00e9cnicas, estrat\u00e9gicas ou de lideran\u00e7a, entregamos <strong data-start=\"1023\" data-end=\"1142\">solu\u00e7\u00f5es sob medida, com foco na redu\u00e7\u00e3o de turnover, aumento da produtividade e fortalecimento da cultura interna.<\/strong><\/p><p data-start=\"1146\" data-end=\"1387\">Da defini\u00e7\u00e3o do perfil da vaga at\u00e9 a integra\u00e7\u00e3o do novo colaborador, a Value acompanha cada etapa do processo, oferecendo <strong data-start=\"1268\" data-end=\"1385\">suporte consultivo e garantindo uma jornada de contrata\u00e7\u00e3o sem ru\u00eddos e com alto impacto positivo para o neg\u00f3cio.<\/strong><\/p><p data-start=\"1389\" data-end=\"1550\"><strong data-start=\"1389\" data-end=\"1437\">Contratar certo n\u00e3o \u00e9 custo. \u00c9 investimento.<\/strong> Conte com a Value para transformar talentos em resultados e construir equipes que realmente fazem a diferen\u00e7a.<\/p>\t\t\t\t\t\t\t\t<\/div>\n\t\t\t\t\t<\/div>\r\n\t\t\t\t<\/div>\r\n\t\t\t\t\t<\/div>\r\n\t\t\t\t<\/div>\r\n\t\t\t\t<\/div>\n\t\t","protected":false},"excerpt":{"rendered":"<p>GRUPO VALUE CONSULTORIA EM RH Pessoas certas, resultados reais. Na Value Consultoria em RH, acreditamos que o sucesso de qualquer neg\u00f3cio come\u00e7a com as pessoas certas no lugar certo. Nosso servi\u00e7o de Recrutamento &amp; Sele\u00e7\u00e3o \u00e9 pensado estrategicamente para conectar sua empresa aos melhores talentos do mercado, alinhando n\u00e3o s\u00f3 compet\u00eancias t\u00e9cnicas, mas tamb\u00e9m perfil [&hellip;]<\/p>\n","protected":false},"author":1,"featured_media":5165,"parent":0,"menu_order":0,"comment_status":"closed","ping_status":"closed","template":"","meta":{"_acf_changed":false,"footnotes":""},"class_list":["post-5261","page","type-page","status-publish","has-post-thumbnail","hentry"],"acf":[],"_links":{"self":[{"href":"https:\/\/valueconsultoria.com.br\/site\/wp-json\/wp\/v2\/pages\/5261","targetHints":{"allow":["GET"]}}],"collection":[{"href":"https:\/\/valueconsultoria.com.br\/site\/wp-json\/wp\/v2\/pages"}],"about":[{"href":"https:\/\/valueconsultoria.com.br\/site\/wp-json\/wp\/v2\/types\/page"}],"author":[{"embeddable":true,"href":"https:\/\/valueconsultoria.com.br\/site\/wp-json\/wp\/v2\/users\/1"}],"replies":[{"embeddable":true,"href":"https:\/\/valueconsultoria.com.br\/site\/wp-json\/wp\/v2\/comments?post=5261"}],"version-history":[{"count":11,"href":"https:\/\/valueconsultoria.com.br\/site\/wp-json\/wp\/v2\/pages\/5261\/revisions"}],"predecessor-version":[{"id":5470,"href":"https:\/\/valueconsultoria.com.br\/site\/wp-json\/wp\/v2\/pages\/5261\/revisions\/5470"}],"wp:featuredmedia":[{"embeddable":true,"href":"https:\/\/valueconsultoria.com.br\/site\/wp-json\/wp\/v2\/media\/5165"}],"wp:attachment":[{"href":"https:\/\/valueconsultoria.com.br\/site\/wp-json\/wp\/v2\/media?parent=5261"}],"curies":[{"name":"wp","href":"https:\/\/api.w.org\/{rel}","templated":true}]}}